{"id":1103,"date":"2017-09-18T13:46:53","date_gmt":"2017-09-18T12:46:53","guid":{"rendered":"http:\/\/www.schulverein-gaw.de\/blog\/?page_id=1103"},"modified":"2025-05-17T11:51:57","modified_gmt":"2025-05-17T10:51:57","slug":"formulare-und-flyer","status":"publish","type":"page","link":"http:\/\/www.schulverein-gaw.de\/blog\/formulare-und-flyer\/","title":{"rendered":"Formulare und Flyer"},"content":{"rendered":"<p>Aufnahmeantrag an der Schulverein:<\/p>\n<p><a href=\"\/blog\/uploads\/2016\/03\/Aufnahmeantrag-Schulverein-GaW-2017-05-02-V1.pdf\">Beitrittserkl\u00e4rung<\/a><\/p>\n<p><a href=\"\/blog\/uploads\/2025\/05\/Fleyer-neuer-Vorstand-Schulverein-1.pdf\">Flyer mit Beitrittserkl\u00e4rung<\/a><\/p>\n<p>Antragsformular zur F\u00f6rderung schulischer Projekte durch den Schulverein:<\/p>\n<p><a href=\"\/blog\/uploads\/2016\/09\/Schulverein_GaW_Foerderantrag_2016-05-27.docx\">schulverein_gaw_foerderantrag_2016-05-27<\/a><\/p>\n<p>Anfrage an den Schulverein und den FIT-Verein zur Bek\u00f6stigung im Rahmen schulischer Veranstaltungen:<\/p>\n<p><a href=\"http:\/\/www.schulverein-gaw.de\/blog\/uploads\/2016\/09\/Schulverein_GaW_Catering-Anfrage-2016-08-16.docx\">schulverein_gaw_catering-anfrage-2016-08-16<\/a><\/p>\n","protected":false},"excerpt":{"rendered":"<p>Aufnahmeantrag an der Schulverein: Beitrittserkl\u00e4rung Flyer mit Beitrittserkl\u00e4rung Antragsformular zur F\u00f6rderung schulischer Projekte durch den Schulverein: schulverein_gaw_foerderantrag_2016-05-27 Anfrage an den Schulverein und den FIT-Verein zur Bek\u00f6stigung im Rahmen schulischer Veranstaltungen: schulverein_gaw_catering-anfrage-2016-08-16<\/p>\n","protected":false},"author":12,"featured_media":0,"parent":0,"menu_order":0,"comment_status":"closed","ping_status":"closed","template":"","meta":[],"_links":{"self":[{"href":"http:\/\/www.schulverein-gaw.de\/blog\/wp-json\/wp\/v2\/pages\/1103"}],"collection":[{"href":"http:\/\/www.schulverein-gaw.de\/blog\/wp-json\/wp\/v2\/pages"}],"about":[{"href":"http:\/\/www.schulverein-gaw.de\/blog\/wp-json\/wp\/v2\/types\/page"}],"author":[{"embeddable":true,"href":"http:\/\/www.schulverein-gaw.de\/blog\/wp-json\/wp\/v2\/users\/12"}],"replies":[{"embeddable":true,"href":"http:\/\/www.schulverein-gaw.de\/blog\/wp-json\/wp\/v2\/comments?post=1103"}],"version-history":[{"count":10,"href":"http:\/\/www.schulverein-gaw.de\/blog\/wp-json\/wp\/v2\/pages\/1103\/revisions"}],"predecessor-version":[{"id":1417,"href":"http:\/\/www.schulverein-gaw.de\/blog\/wp-json\/wp\/v2\/pages\/1103\/revisions\/1417"}],"wp:attachment":[{"href":"http:\/\/www.schulverein-gaw.de\/blog\/wp-json\/wp\/v2\/media?parent=1103"}],"curies":[{"name":"wp","href":"https:\/\/api.w.org\/{rel}","templated":true}]}}