{"id":2,"date":"2010-06-18T09:29:02","date_gmt":"2010-06-18T08:29:02","guid":{"rendered":"http:\/\/www.schulverein-gaw.de\/blog\/?page_id=2"},"modified":"2016-05-03T16:28:30","modified_gmt":"2016-05-03T15:28:30","slug":"ueber-uns","status":"publish","type":"page","link":"http:\/\/www.schulverein-gaw.de\/blog\/ueber-uns\/","title":{"rendered":"\u00dcber uns"},"content":{"rendered":"<div>\n<p><strong>Liebe Eltern,<\/strong><\/p>\n<div style=\"text-align: left;\">\n<div style=\"text-align: left;\">der Schulverein des Gymnasiums am Wall e.V. in Verden ist eine Elterninitiative.<\/div>\n<div style=\"text-align: left;\">Dieser Verein besteht seit 1979 und dient ausschlie\u00dflich gemeinn\u00fctzigen Zwecken zum Nutzen der Sch\u00fclerinnen und Sch\u00fcler unserer Schule.<\/div>\n<div style=\"text-align: left;\">In einem engen Zusammenwirken zwischen Schule, Elternhaus und den Kindern sollen schulische Belange gepflegt werden.<\/div>\n<div style=\"text-align: left;\">Mitglieder unseres Vereins sind Eltern von Sch\u00fclerinnen und Sch\u00fclern des Gymnasiums am Wall, Lehrerinnen und Lehrer, aber auch ehemalige Sch\u00fclerinnen und Sch\u00fcler sowie andere Interessierte, die sich unserer Schule verbunden f\u00fchlen und sie unterst\u00fctzen m\u00f6chten. Zurzeit haben wir knapp 360 Mitglieder.<\/div>\n<div style=\"text-align: left;\">Der j\u00e4hrliche Mindestbeitrag f\u00fcr den Schulverein ist auf \u20ac 15,- festgesetzt worden. Mit diesem vergleichsweise geringen Beitrag m\u00f6chten wir gerne alle Eltern als Mitglieder gewinnen. Selbstverst\u00e4ndlich freuen wir uns auch \u00fcber h\u00f6here Zuwendungen oder auch Einzelspenden. Die\u00a0<a href=\"\/blog\/uploads\/2016\/03\/Schulverein-Flyer-2016-03-29.pdf\">Beitrittserkl\u00e4rung<\/a> k\u00f6nnen Sie hier herunterladen.<\/div>\n<\/div>\n<div style=\"text-align: left;\"><strong>\u00dcbrigens &#8230;<\/strong><\/div>\n<div style=\"text-align: left;\">\n<div style=\"text-align: left;\">Mitgliedsbeitr\u00e4ge und Spenden sind steuerlich abzugsf\u00e4hig.<\/div>\n<div style=\"text-align: left;\">Unsere <a title=\"Satzung des Schulvereins\" href=\"http:\/\/www.schulverein-gaw.de\/blog\/ueber-uns\/satzung\/\" target=\"_self\">Vereinssatzung<\/a> finden sie hier.<\/div>\n<div style=\"text-align: left;\"><\/div>\n<div style=\"text-align: left;\"><\/div>\n<\/div>\n<\/div>\n<div style=\"text-align: left;\"><\/div>\n<div style=\"text-align: left;\"><\/div>\n","protected":false},"excerpt":{"rendered":"<p>Liebe Eltern, der Schulverein des Gymnasiums am Wall e.V. in Verden ist eine Elterninitiative. Dieser Verein besteht seit 1979 und dient ausschlie\u00dflich gemeinn\u00fctzigen Zwecken zum Nutzen der Sch\u00fclerinnen und Sch\u00fcler unserer Schule. In einem engen Zusammenwirken zwischen Schule, Elternhaus und &hellip; <a href=\"http:\/\/www.schulverein-gaw.de\/blog\/ueber-uns\/\">Weiterlesen <span class=\"meta-nav\">&rarr;<\/span><\/a><\/p>\n","protected":false},"author":12,"featured_media":0,"parent":0,"menu_order":1,"comment_status":"closed","ping_status":"closed","template":"","meta":[],"_links":{"self":[{"href":"http:\/\/www.schulverein-gaw.de\/blog\/wp-json\/wp\/v2\/pages\/2"}],"collection":[{"href":"http:\/\/www.schulverein-gaw.de\/blog\/wp-json\/wp\/v2\/pages"}],"about":[{"href":"http:\/\/www.schulverein-gaw.de\/blog\/wp-json\/wp\/v2\/types\/page"}],"author":[{"embeddable":true,"href":"http:\/\/www.schulverein-gaw.de\/blog\/wp-json\/wp\/v2\/users\/12"}],"replies":[{"embeddable":true,"href":"http:\/\/www.schulverein-gaw.de\/blog\/wp-json\/wp\/v2\/comments?post=2"}],"version-history":[{"count":45,"href":"http:\/\/www.schulverein-gaw.de\/blog\/wp-json\/wp\/v2\/pages\/2\/revisions"}],"predecessor-version":[{"id":995,"href":"http:\/\/www.schulverein-gaw.de\/blog\/wp-json\/wp\/v2\/pages\/2\/revisions\/995"}],"wp:attachment":[{"href":"http:\/\/www.schulverein-gaw.de\/blog\/wp-json\/wp\/v2\/media?parent=2"}],"curies":[{"name":"wp","href":"https:\/\/api.w.org\/{rel}","templated":true}]}}