{"id":316,"date":"2011-03-29T11:27:31","date_gmt":"2011-03-29T10:27:31","guid":{"rendered":"http:\/\/www.schulverein-gaw.de\/blog\/?page_id=316"},"modified":"2011-03-29T11:30:16","modified_gmt":"2011-03-29T10:30:16","slug":"entwicklung-unseres-logos","status":"publish","type":"page","link":"http:\/\/www.schulverein-gaw.de\/blog\/ueber-uns\/entwicklung-unseres-logos\/","title":{"rendered":"Entwicklung unseres Logos"},"content":{"rendered":"<p>Das Logo des Schulvereins<\/p>\n<p>Vor ungef\u00e4hr 10 Jahren wurde von Frau Dr. Bachmann, der Sch\u00fclerin Marion Fr\u00f6hlich und dem damaligen Vorstand des Schulvereins das Logo des Schulvereins entworfen.<\/p>\n<div id=\"attachment_317\" style=\"width: 236px\" class=\"wp-caption alignright\"><a rel=\"attachment wp-att-317\" href=\"http:\/\/www.schulverein-gaw.de\/blog\/ueber-uns\/entwicklung-unseres-logos\/da-vinci-mann\/\"><img aria-describedby=\"caption-attachment-317\" decoding=\"async\" loading=\"lazy\" class=\"size-full wp-image-317\" title=\"Vitruvmann, Leonardo da Vinci\" src=\"http:\/\/www.schulverein-gaw.de\/blog\/uploads\/2011\/03\/da-vinci-mann.jpg\" alt=\"Vitruvmann, Leonardo da Vinci\" width=\"226\" height=\"228\" srcset=\"\/blog\/uploads\/2011\/03\/da-vinci-mann.jpg 226w, \/blog\/uploads\/2011\/03\/da-vinci-mann-150x150.jpg 150w\" sizes=\"(max-width: 226px) 100vw, 226px\" \/><\/a><p id=\"caption-attachment-317\" class=\"wp-caption-text\">Vitruvmann, Leonardo da Vinci<\/p><\/div>\n<p>Ausgangspunkt war die Zeichnung\u00a0Vitruvmann\u00a0(Proportionsfigur in Kreis und Quadrat) von\u00a0Leonardo da Vinci.<\/p>\n<p>Unter Weglassung der menschlichen Figur blieben Quadrat und Kreis in einer ganz spezifischen Anordnung \u00fcber.<\/p>\n<p>Nachdem die Schule einen neuen Schriftzug in Orange erhalten hat, beschloss der Schulverein das Logo mit dieser Farbe neu zu gestalten.<\/p>\n<p>Seit Mitte 2002 liegt das Logo in dieser Form vor.<\/p>\n<div id=\"attachment_318\" style=\"width: 176px\" class=\"wp-caption alignright\"><a rel=\"attachment wp-att-318\" href=\"http:\/\/www.schulverein-gaw.de\/blog\/ueber-uns\/entwicklung-unseres-logos\/logo-schulverein\/\"><img aria-describedby=\"caption-attachment-318\" decoding=\"async\" loading=\"lazy\" class=\"size-full wp-image-318\" title=\"Logo Schulverein GaW\" src=\"http:\/\/www.schulverein-gaw.de\/blog\/uploads\/2011\/03\/logo-schulverein.jpg\" alt=\"Logo Schulverein GaW\" width=\"166\" height=\"166\" srcset=\"\/blog\/uploads\/2011\/03\/logo-schulverein.jpg 166w, \/blog\/uploads\/2011\/03\/logo-schulverein-150x150.jpg 150w\" sizes=\"(max-width: 166px) 100vw, 166px\" \/><\/a><p id=\"caption-attachment-318\" class=\"wp-caption-text\">Logo Schulverein GaW<\/p><\/div>\n<p>&nbsp;<\/p>\n<p>&nbsp;<\/p>\n<p>&nbsp;<\/p>\n","protected":false},"excerpt":{"rendered":"<p>Das Logo des Schulvereins Vor ungef\u00e4hr 10 Jahren wurde von Frau Dr. Bachmann, der Sch\u00fclerin Marion Fr\u00f6hlich und dem damaligen Vorstand des Schulvereins das Logo des Schulvereins entworfen. Ausgangspunkt war die Zeichnung\u00a0Vitruvmann\u00a0(Proportionsfigur in Kreis und Quadrat) von\u00a0Leonardo da Vinci. Unter &hellip; <a href=\"http:\/\/www.schulverein-gaw.de\/blog\/ueber-uns\/entwicklung-unseres-logos\/\">Weiterlesen <span class=\"meta-nav\">&rarr;<\/span><\/a><\/p>\n","protected":false},"author":12,"featured_media":0,"parent":2,"menu_order":5,"comment_status":"closed","ping_status":"open","template":"","meta":[],"_links":{"self":[{"href":"http:\/\/www.schulverein-gaw.de\/blog\/wp-json\/wp\/v2\/pages\/316"}],"collection":[{"href":"http:\/\/www.schulverein-gaw.de\/blog\/wp-json\/wp\/v2\/pages"}],"about":[{"href":"http:\/\/www.schulverein-gaw.de\/blog\/wp-json\/wp\/v2\/types\/page"}],"author":[{"embeddable":true,"href":"http:\/\/www.schulverein-gaw.de\/blog\/wp-json\/wp\/v2\/users\/12"}],"replies":[{"embeddable":true,"href":"http:\/\/www.schulverein-gaw.de\/blog\/wp-json\/wp\/v2\/comments?post=316"}],"version-history":[{"count":6,"href":"http:\/\/www.schulverein-gaw.de\/blog\/wp-json\/wp\/v2\/pages\/316\/revisions"}],"predecessor-version":[{"id":324,"href":"http:\/\/www.schulverein-gaw.de\/blog\/wp-json\/wp\/v2\/pages\/316\/revisions\/324"}],"up":[{"embeddable":true,"href":"http:\/\/www.schulverein-gaw.de\/blog\/wp-json\/wp\/v2\/pages\/2"}],"wp:attachment":[{"href":"http:\/\/www.schulverein-gaw.de\/blog\/wp-json\/wp\/v2\/media?parent=316"}],"curies":[{"name":"wp","href":"https:\/\/api.w.org\/{rel}","templated":true}]}}