{"id":33,"date":"2010-06-18T11:21:38","date_gmt":"2010-06-18T10:21:38","guid":{"rendered":"http:\/\/www.schulverein-gaw.de\/blog\/"},"modified":"2015-06-02T07:18:06","modified_gmt":"2015-06-02T06:18:06","slug":"aufgaben","status":"publish","type":"page","link":"http:\/\/www.schulverein-gaw.de\/blog\/aufgaben\/","title":{"rendered":"Aufgaben"},"content":{"rendered":"<p><strong>Der Schulverein <\/strong><strong>unterst\u00fctzt \u2026<br \/>\n<\/strong>die Anschaffung vieler sch\u00f6ner und n\u00fctzli\u00adcher Dinge f\u00fcr die Schule. Dazu geh\u00f6ren u.a. neue Musikinstrumente f\u00fcr die Bl\u00e4serklassen, die Tisch\u00adtennis\u00adplatte und Boulderwand f\u00fcr die Pause, Sitz\u00adgelegen\u00adheiten, besondere Unterrichts\u00admaterialien, Ein\u00adkleidung der Schulsanit\u00e4ter und Streitschlichter sowie der Schulsportmannschaften, etc.<\/p>\n<p><strong>informiert \u2026<br \/>\n<\/strong>Sch\u00fclerinnen und Sch\u00fcler, Eltern und Kollegium durch die Organisation von Lesungen und Vortragsveranstal\u00adtungen zu aktuellen Themen.<\/p>\n<p><strong>organisiert \u2026<br \/>\n<\/strong>regelm\u00e4\u00dfig die Bewirtung bei Veranstaltungen und Elternsprechtagen.<\/p>\n<p><strong>bezuschusst \u2026<br \/>\n<\/strong>allj\u00e4hrlich B\u00fccher und Abos der Bibliothek sowie verschiedene Arbeitsgemeinschaften am Gymnasium.<\/p>\n<p><strong>unterst\u00fctzt \u2026<br \/>\n<\/strong>Eltern bei finanziellen Engp\u00e4ssen, wenn Kinder z. B. an\u00adsonsten nicht an Schulausfl\u00fcgen oder Nachhilfestunden teilnehmen k\u00f6nnten.<\/p>\n<p>&nbsp;<\/p>\n<p>&nbsp;<\/p>\n","protected":false},"excerpt":{"rendered":"<p>Der Schulverein unterst\u00fctzt \u2026 die Anschaffung vieler sch\u00f6ner und n\u00fctzli\u00adcher Dinge f\u00fcr die Schule. Dazu geh\u00f6ren u.a. neue Musikinstrumente f\u00fcr die Bl\u00e4serklassen, die Tisch\u00adtennis\u00adplatte und Boulderwand f\u00fcr die Pause, Sitz\u00adgelegen\u00adheiten, besondere Unterrichts\u00admaterialien, Ein\u00adkleidung der Schulsanit\u00e4ter und Streitschlichter sowie der Schulsportmannschaften, &hellip; <a href=\"http:\/\/www.schulverein-gaw.de\/blog\/aufgaben\/\">Weiterlesen <span class=\"meta-nav\">&rarr;<\/span><\/a><\/p>\n","protected":false},"author":12,"featured_media":0,"parent":0,"menu_order":10,"comment_status":"closed","ping_status":"closed","template":"","meta":[],"_links":{"self":[{"href":"http:\/\/www.schulverein-gaw.de\/blog\/wp-json\/wp\/v2\/pages\/33"}],"collection":[{"href":"http:\/\/www.schulverein-gaw.de\/blog\/wp-json\/wp\/v2\/pages"}],"about":[{"href":"http:\/\/www.schulverein-gaw.de\/blog\/wp-json\/wp\/v2\/types\/page"}],"author":[{"embeddable":true,"href":"http:\/\/www.schulverein-gaw.de\/blog\/wp-json\/wp\/v2\/users\/12"}],"replies":[{"embeddable":true,"href":"http:\/\/www.schulverein-gaw.de\/blog\/wp-json\/wp\/v2\/comments?post=33"}],"version-history":[{"count":5,"href":"http:\/\/www.schulverein-gaw.de\/blog\/wp-json\/wp\/v2\/pages\/33\/revisions"}],"predecessor-version":[{"id":824,"href":"http:\/\/www.schulverein-gaw.de\/blog\/wp-json\/wp\/v2\/pages\/33\/revisions\/824"}],"wp:attachment":[{"href":"http:\/\/www.schulverein-gaw.de\/blog\/wp-json\/wp\/v2\/media?parent=33"}],"curies":[{"name":"wp","href":"https:\/\/api.w.org\/{rel}","templated":true}]}}